{"id":9,"date":"2025-03-11T22:57:39","date_gmt":"2025-03-12T01:57:39","guid":{"rendered":"http:\/\/papelfesta.com.br\/public\/?page_id=9"},"modified":"2026-03-15T11:20:34","modified_gmt":"2026-03-15T14:20:34","slug":"carrinho","status":"publish","type":"page","link":"https:\/\/papelfesta.com.br\/public\/carrinho\/","title":{"rendered":"Carrinho"},"content":{"rendered":"\n<div data-block-name=\"woocommerce\/cart\" class=\"wp-block-woocommerce-cart is-loading\">\n<div data-block-name=\"woocommerce\/filled-cart-block\" class=\"wp-block-woocommerce-filled-cart-block\">\n<div data-block-name=\"woocommerce\/cart-items-block\" class=\"wp-block-woocommerce-cart-items-block\">\n<p><h1 class=\"entry-title\" itemprop=\"headline\">Carrinho<\/h1><\/p>\n\n\n\n<div data-block-name=\"woocommerce\/cart-line-items-block\" class=\"wp-block-woocommerce-cart-line-items-block\"><\/div>\n\n\n\n<div data-block-name=\"woocommerce\/cart-cross-sells-block\" class=\"wp-block-woocommerce-cart-cross-sells-block\">\n<h2 class=\"wp-block-heading has-large-font-size\">You may be interested in\u2026<\/h2>\n\n\n\n<div data-block-name=\"woocommerce\/cart-cross-sells-products-block\" class=\"wp-block-woocommerce-cart-cross-sells-products-block\"><\/div>\n<\/div>\n<\/div>\n\n\n\n<div data-block-name=\"woocommerce\/cart-totals-block\" class=\"wp-block-woocommerce-cart-totals-block\">\n<div data-block-name=\"woocommerce\/cart-order-summary-block\" class=\"wp-block-woocommerce-cart-order-summary-block\">\n<div data-block-name=\"woocommerce\/cart-order-summary-heading-block\" data-content=\"Total no carrinho\" class=\"wp-block-woocommerce-cart-order-summary-heading-block\"><\/div>\n\n\n\n<div data-block-name=\"woocommerce\/cart-order-summary-coupon-form-block\" class=\"wp-block-woocommerce-cart-order-summary-coupon-form-block\"><\/div>\n\n\n\n<div data-block-name=\"woocommerce\/cart-order-summary-totals-block\" class=\"wp-block-woocommerce-cart-order-summary-totals-block\">\n<div data-block-name=\"woocommerce\/cart-order-summary-subtotal-block\" class=\"wp-block-woocommerce-cart-order-summary-subtotal-block\"><\/div>\n\n\n\n<div data-block-name=\"woocommerce\/cart-order-summary-fee-block\" class=\"wp-block-woocommerce-cart-order-summary-fee-block\"><\/div>\n\n\n\n<div data-block-name=\"woocommerce\/cart-order-summary-discount-block\" class=\"wp-block-woocommerce-cart-order-summary-discount-block\"><\/div>\n\n\n\n<div data-block-name=\"woocommerce\/cart-order-summary-shipping-block\" class=\"wp-block-woocommerce-cart-order-summary-shipping-block\"><\/div>\n\n\n\n<div data-block-name=\"woocommerce\/cart-order-summary-taxes-block\" class=\"wp-block-woocommerce-cart-order-summary-taxes-block\"><\/div>\n<\/div>\n<\/div>\n\n\n\n<div data-block-name=\"woocommerce\/cart-express-payment-block\" class=\"wp-block-woocommerce-cart-express-payment-block\"><\/div>\n\n\n\n<div data-block-name=\"woocommerce\/proceed-to-checkout-block\" class=\"wp-block-woocommerce-proceed-to-checkout-block\"><\/div>\n\n\n\n<div data-block-name=\"woocommerce\/cart-accepted-payment-methods-block\" class=\"wp-block-woocommerce-cart-accepted-payment-methods-block\"><\/div>\n<\/div>\n<\/div>\n\n\n\n<div data-block-name=\"woocommerce\/empty-cart-block\" class=\"wp-block-woocommerce-empty-cart-block\">\n<h2 class=\"wp-block-heading has-text-align-center with-empty-cart-icon wc-block-cart__empty-cart__title\">Seu carrinho est\u00e1 vazio no momento!<\/h2>\n\n\n\n<hr class=\"wp-block-separator has-alpha-channel-opacity is-style-dots\"\/>\n\n\n\n<h2 class=\"wp-block-heading has-text-align-center\">Novo na loja<\/h2>\n\n\n<div data-block-name=\"woocommerce\/product-new\" data-columns=\"4\" data-rows=\"1\" class=\"wc-block-grid wp-block-product-new wp-block-woocommerce-product-new wc-block-product-new has-4-columns\"><ul class=\"wc-block-grid__products\"><li class=\"wc-block-grid__product\">\n\t\t\t\t<a href=\"https:\/\/papelfesta.com.br\/public\/loja\/cartoes-e-etiquetas-personalizadas-volta-as-aulas\/kits-de-identificacao\/kit-de-etiquetas-personalizadas-m-volta-as-aulas\/\" class=\"wc-block-grid__product-link\">\n\t\t\t\t\t\n\t\t\t\t\t<div class=\"wc-block-grid__product-image\"><img fetchpriority=\"high\" decoding=\"async\" width=\"300\" height=\"300\" src=\"https:\/\/papelfesta.com.br\/public\/wp-content\/uploads\/2026\/03\/APC_0310-300x300.jpg\" class=\"attachment-woocommerce_thumbnail size-woocommerce_thumbnail\" alt=\"Kit de Etiquetas Personalizadas M - Volta \u00e0s Aulas\" srcset=\"https:\/\/papelfesta.com.br\/public\/wp-content\/uploads\/2026\/03\/APC_0310-300x300.jpg 300w, https:\/\/papelfesta.com.br\/public\/wp-content\/uploads\/2026\/03\/APC_0310-150x150.jpg 150w, https:\/\/papelfesta.com.br\/public\/wp-content\/uploads\/2026\/03\/APC_0310-100x100.jpg 100w, https:\/\/papelfesta.com.br\/public\/wp-content\/uploads\/2026\/03\/APC_0310-50x50.jpg 50w\" sizes=\"(max-width: 300px) 100vw, 300px\" \/><\/div>\n\t\t\t\t\t<div class=\"wc-block-grid__product-title\">Kit de Etiquetas Personalizadas M &#8211; Volta \u00e0s Aulas<\/div>\n\t\t\t\t<\/a>\n\t\t\t\t<div class=\"wc-block-grid__product-price price\"><span class=\"woocommerce-Price-amount amount\" aria-hidden=\"true\"><span class=\"woocommerce-Price-currencySymbol\">&#082;&#036;<\/span>&nbsp;60,00<\/span> <span aria-hidden=\"true\">&ndash;<\/span> <span class=\"woocommerce-Price-amount amount\" aria-hidden=\"true\"><span class=\"woocommerce-Price-currencySymbol\">&#082;&#036;<\/span>&nbsp;65,00<\/span><span class=\"screen-reader-text\">Faixa de pre\u00e7o: &#082;&#036;&nbsp;60,00 at\u00e9 &#082;&#036;&nbsp;65,00<\/span><\/div>\n\t\t\t\t\n\t\t\t\t<div class=\"wp-block-button wc-block-grid__product-add-to-cart\"><a href=\"https:\/\/papelfesta.com.br\/public\/loja\/cartoes-e-etiquetas-personalizadas-volta-as-aulas\/kits-de-identificacao\/kit-de-etiquetas-personalizadas-m-volta-as-aulas\/\" aria-label=\"Selecione as op\u00e7\u00f5es para &ldquo;Kit de Etiquetas Personalizadas M - Volta \u00e0s Aulas&rdquo;\" data-quantity=\"1\" data-product_id=\"597\" data-product_sku=\"\" data-price=\"60\" rel=\"nofollow\" class=\"wp-block-button__link  add_to_cart_button\">Selecione uma op\u00e7\u00e3o<\/a><\/div>\n\t\t\t<\/li><li class=\"wc-block-grid__product\">\n\t\t\t\t<a href=\"https:\/\/papelfesta.com.br\/public\/loja\/papelaria-para-festas-e-eventos\/bandeirola-personalizada-com-nome\/\" class=\"wc-block-grid__product-link\">\n\t\t\t\t\t<div class=\"wc-block-grid__product-onsale\">\n\t\t\t<span aria-hidden=\"true\">Oferta<\/span>\n\t\t\t<span class=\"screen-reader-text\">Produto em promo\u00e7\u00e3o<\/span>\n\t\t<\/div>\n\t\t\t\t\t<div class=\"wc-block-grid__product-image\"><img decoding=\"async\" width=\"300\" height=\"300\" src=\"https:\/\/papelfesta.com.br\/public\/wp-content\/uploads\/2025\/07\/DSC09195-300x300.jpeg\" class=\"attachment-woocommerce_thumbnail size-woocommerce_thumbnail\" alt=\"Bandeirola personalizada com nome\" srcset=\"https:\/\/papelfesta.com.br\/public\/wp-content\/uploads\/2025\/07\/DSC09195-300x300.jpeg 300w, https:\/\/papelfesta.com.br\/public\/wp-content\/uploads\/2025\/07\/DSC09195-150x150.jpeg 150w, https:\/\/papelfesta.com.br\/public\/wp-content\/uploads\/2025\/07\/DSC09195-100x100.jpeg 100w\" sizes=\"(max-width: 300px) 100vw, 300px\" \/><\/div>\n\t\t\t\t\t<div class=\"wc-block-grid__product-title\">Bandeirola personalizada com nome<\/div>\n\t\t\t\t<\/a>\n\t\t\t\t<div class=\"wc-block-grid__product-price price\"><del aria-hidden=\"true\"><span class=\"woocommerce-Price-amount amount\"><span class=\"woocommerce-Price-currencySymbol\">&#082;&#036;<\/span>&nbsp;50,00<\/span><\/del> <span class=\"screen-reader-text\">O pre\u00e7o original era: &#082;&#036;&nbsp;50,00.<\/span><ins aria-hidden=\"true\"><span class=\"woocommerce-Price-amount amount\"><span class=\"woocommerce-Price-currencySymbol\">&#082;&#036;<\/span>&nbsp;45,00<\/span><\/ins><span class=\"screen-reader-text\">O pre\u00e7o atual \u00e9: &#082;&#036;&nbsp;45,00.<\/span><\/div>\n\t\t\t\t\n\t\t\t\t<div class=\"wp-block-button wc-block-grid__product-add-to-cart\"><a href=\"\/public\/wp-json\/wp\/v2\/pages\/9?add-to-cart=259\" aria-label=\"Adicione ao carrinho: &ldquo;Bandeirola personalizada com nome&rdquo;\" data-quantity=\"1\" data-product_id=\"259\" data-product_sku=\"\" data-price=\"45\" rel=\"nofollow\" class=\"wp-block-button__link  add_to_cart_button ajax_add_to_cart\">Adicionar ao carrinho<\/a><\/div>\n\t\t\t<\/li><li class=\"wc-block-grid__product\">\n\t\t\t\t<a href=\"https:\/\/papelfesta.com.br\/public\/loja\/papelaria-para-festas-e-eventos\/mini-chapeuzinho-de-festa-xadrezinho\/\" class=\"wc-block-grid__product-link\">\n\t\t\t\t\t\n\t\t\t\t\t<div class=\"wc-block-grid__product-image\"><img decoding=\"async\" width=\"300\" height=\"300\" src=\"https:\/\/papelfesta.com.br\/public\/wp-content\/uploads\/2025\/07\/Mini-chapeu-xadrez-amarelo-300x300.png\" class=\"attachment-woocommerce_thumbnail size-woocommerce_thumbnail\" alt=\"Mini chapeuzinho de festa xadrezinho\" srcset=\"https:\/\/papelfesta.com.br\/public\/wp-content\/uploads\/2025\/07\/Mini-chapeu-xadrez-amarelo-300x300.png 300w, https:\/\/papelfesta.com.br\/public\/wp-content\/uploads\/2025\/07\/Mini-chapeu-xadrez-amarelo-150x150.png 150w, https:\/\/papelfesta.com.br\/public\/wp-content\/uploads\/2025\/07\/Mini-chapeu-xadrez-amarelo-100x100.png 100w\" sizes=\"(max-width: 300px) 100vw, 300px\" \/><\/div>\n\t\t\t\t\t<div class=\"wc-block-grid__product-title\">Mini chapeuzinho de festa xadrezinho<\/div>\n\t\t\t\t<\/a>\n\t\t\t\t<div class=\"wc-block-grid__product-price price\"><span class=\"woocommerce-Price-amount amount\"><span class=\"woocommerce-Price-currencySymbol\">&#082;&#036;<\/span>&nbsp;28,00<\/span><\/div>\n\t\t\t\t\n\t\t\t\t<div class=\"wp-block-button wc-block-grid__product-add-to-cart\"><a href=\"https:\/\/papelfesta.com.br\/public\/loja\/papelaria-para-festas-e-eventos\/mini-chapeuzinho-de-festa-xadrezinho\/\" aria-label=\"Selecione as op\u00e7\u00f5es para &ldquo;Mini chapeuzinho de festa xadrezinho&rdquo;\" data-quantity=\"1\" data-product_id=\"250\" data-product_sku=\"\" data-price=\"28\" rel=\"nofollow\" class=\"wp-block-button__link  add_to_cart_button\">Ver op\u00e7\u00f5es<\/a><\/div>\n\t\t\t<\/li><li class=\"wc-block-grid__product\">\n\t\t\t\t<a href=\"https:\/\/papelfesta.com.br\/public\/loja\/papelaria-para-festas-e-eventos\/varal-tematico-personalizado-tema-novo\/\" class=\"wc-block-grid__product-link\">\n\t\t\t\t\t<div class=\"wc-block-grid__product-onsale\">\n\t\t\t<span aria-hidden=\"true\">Oferta<\/span>\n\t\t\t<span class=\"screen-reader-text\">Produto em promo\u00e7\u00e3o<\/span>\n\t\t<\/div>\n\t\t\t\t\t<div class=\"wc-block-grid__product-image\"><img loading=\"lazy\" decoding=\"async\" width=\"300\" height=\"300\" src=\"https:\/\/papelfesta.com.br\/public\/wp-content\/uploads\/2025\/07\/Site-Topo-de-Doces-3-300x300.png\" class=\"attachment-woocommerce_thumbnail size-woocommerce_thumbnail\" alt=\"Varal tem\u00e1tico personalizado - tema novo\" srcset=\"https:\/\/papelfesta.com.br\/public\/wp-content\/uploads\/2025\/07\/Site-Topo-de-Doces-3-300x300.png 300w, https:\/\/papelfesta.com.br\/public\/wp-content\/uploads\/2025\/07\/Site-Topo-de-Doces-3-150x150.png 150w, https:\/\/papelfesta.com.br\/public\/wp-content\/uploads\/2025\/07\/Site-Topo-de-Doces-3-100x100.png 100w\" sizes=\"(max-width: 300px) 100vw, 300px\" \/><\/div>\n\t\t\t\t\t<div class=\"wc-block-grid__product-title\">Varal tem\u00e1tico personalizado &#8211; tema novo<\/div>\n\t\t\t\t<\/a>\n\t\t\t\t<div class=\"wc-block-grid__product-price price\"><del aria-hidden=\"true\"><span class=\"woocommerce-Price-amount amount\"><span class=\"woocommerce-Price-currencySymbol\">&#082;&#036;<\/span>&nbsp;50,00<\/span><\/del> <span class=\"screen-reader-text\">O pre\u00e7o original era: &#082;&#036;&nbsp;50,00.<\/span><ins aria-hidden=\"true\"><span class=\"woocommerce-Price-amount amount\"><span class=\"woocommerce-Price-currencySymbol\">&#082;&#036;<\/span>&nbsp;45,00<\/span><\/ins><span class=\"screen-reader-text\">O pre\u00e7o atual \u00e9: &#082;&#036;&nbsp;45,00.<\/span><\/div>\n\t\t\t\t\n\t\t\t\t<div class=\"wp-block-button wc-block-grid__product-add-to-cart\"><a href=\"\/public\/wp-json\/wp\/v2\/pages\/9?add-to-cart=247\" aria-label=\"Adicione ao carrinho: &ldquo;Varal tem\u00e1tico personalizado - tema novo&rdquo;\" data-quantity=\"1\" data-product_id=\"247\" data-product_sku=\"\" data-price=\"45\" rel=\"nofollow\" class=\"wp-block-button__link  add_to_cart_button ajax_add_to_cart\">Adicionar ao carrinho<\/a><\/div>\n\t\t\t<\/li><\/ul><\/div><\/div>\n<\/div>\n","protected":false},"excerpt":{"rendered":"","protected":false},"author":1,"featured_media":0,"parent":0,"menu_order":0,"comment_status":"closed","ping_status":"closed","template":"elementor_header_footer","meta":{"site-sidebar-layout":"default","site-content-layout":"","ast-site-content-layout":"default","site-content-style":"default","site-sidebar-style":"default","ast-global-header-display":"","ast-banner-title-visibility":"","ast-main-header-display":"","ast-hfb-above-header-display":"","ast-hfb-below-header-display":"","ast-hfb-mobile-header-display":"","site-post-title":"","ast-breadcrumbs-content":"","ast-featured-img":"","footer-sml-layout":"","ast-disable-related-posts":"","theme-transparent-header-meta":"","adv-header-id-meta":"","stick-header-meta":"","header-above-stick-meta":"","header-main-stick-meta":"","header-below-stick-meta":"","astra-migrate-meta-layouts":"default","ast-page-background-enabled":"default","ast-page-background-meta":{"desktop":{"background-color":"var(--ast-global-color-5)","background-image":"","background-repeat":"repeat","background-position":"center center","background-size":"auto","background-attachment":"scroll","background-type":"","background-media":"","overlay-type":"","overlay-color":"","overlay-opacity":"","overlay-gradient":""},"tablet":{"background-color":"","background-image":"","background-repeat":"repeat","background-position":"center center","background-size":"auto","background-attachment":"scroll","background-type":"","background-media":"","overlay-type":"","overlay-color":"","overlay-opacity":"","overlay-gradient":""},"mobile":{"background-color":"","background-image":"","background-repeat":"repeat","background-position":"center center","background-size":"auto","background-attachment":"scroll","background-type":"","background-media":"","overlay-type":"","overlay-color":"","overlay-opacity":"","overlay-gradient":""}},"ast-content-background-meta":{"desktop":{"background-color":"var(--ast-global-color-4)","background-image":"","background-repeat":"repeat","background-position":"center center","background-size":"auto","background-attachment":"scroll","background-type":"","background-media":"","overlay-type":"","overlay-color":"","overlay-opacity":"","overlay-gradient":""},"tablet":{"background-color":"var(--ast-global-color-4)","background-image":"","background-repeat":"repeat","background-position":"center center","background-size":"auto","background-attachment":"scroll","background-type":"","background-media":"","overlay-type":"","overlay-color":"","overlay-opacity":"","overlay-gradient":""},"mobile":{"background-color":"var(--ast-global-color-4)","background-image":"","background-repeat":"repeat","background-position":"center center","background-size":"auto","background-attachment":"scroll","background-type":"","background-media":"","overlay-type":"","overlay-color":"","overlay-opacity":"","overlay-gradient":""}},"footnotes":""},"class_list":["post-9","page","type-page","status-publish","hentry"],"yoast_head":"<!-- This site is optimized with the Yoast SEO plugin v27.3 - https:\/\/yoast.com\/product\/yoast-seo-wordpress\/ -->\n<title>Carrinho - Papel Festa<\/title>\n<meta name=\"description\" content=\"Revise os itens do seu carrinho e finalize sua compra na Papel Festa. Pagamento via Pix ou cart\u00e3o. Envio por Sedex para todo o Brasil.\" \/>\n<meta name=\"robots\" content=\"index, follow, max-snippet:-1, max-image-preview:large, max-video-preview:-1\" \/>\n<link rel=\"canonical\" href=\"https:\/\/papelfesta.com.br\/public\/carrinho\/\" \/>\n<meta property=\"og:locale\" content=\"pt_BR\" \/>\n<meta property=\"og:type\" content=\"article\" \/>\n<meta property=\"og:title\" content=\"Carrinho - Papel Festa\" \/>\n<meta property=\"og:description\" content=\"Revise os itens do seu carrinho e finalize sua compra na Papel Festa. Pagamento via Pix ou cart\u00e3o. Envio por Sedex para todo o Brasil.\" \/>\n<meta property=\"og:url\" content=\"https:\/\/papelfesta.com.br\/public\/carrinho\/\" \/>\n<meta property=\"og:site_name\" content=\"Papel Festa\" \/>\n<meta property=\"article:modified_time\" content=\"2026-03-15T14:20:34+00:00\" \/>\n<meta name=\"twitter:card\" content=\"summary_large_image\" \/>\n<meta name=\"twitter:label1\" content=\"Est. tempo de leitura\" \/>\n\t<meta name=\"twitter:data1\" content=\"1 minuto\" \/>\n<script type=\"application\/ld+json\" class=\"yoast-schema-graph\">{\"@context\":\"https:\\\/\\\/schema.org\",\"@graph\":[{\"@type\":\"WebPage\",\"@id\":\"https:\\\/\\\/papelfesta.com.br\\\/public\\\/carrinho\\\/\",\"url\":\"https:\\\/\\\/papelfesta.com.br\\\/public\\\/carrinho\\\/\",\"name\":\"Carrinho - Papel Festa\",\"isPartOf\":{\"@id\":\"https:\\\/\\\/papelfesta.com.br\\\/public\\\/#website\"},\"datePublished\":\"2025-03-12T01:57:39+00:00\",\"dateModified\":\"2026-03-15T14:20:34+00:00\",\"description\":\"Revise os itens do seu carrinho e finalize sua compra na Papel Festa. Pagamento via Pix ou cart\u00e3o. Envio por Sedex para todo o Brasil.\",\"breadcrumb\":{\"@id\":\"https:\\\/\\\/papelfesta.com.br\\\/public\\\/carrinho\\\/#breadcrumb\"},\"inLanguage\":\"pt-BR\",\"potentialAction\":[{\"@type\":\"ReadAction\",\"target\":[\"https:\\\/\\\/papelfesta.com.br\\\/public\\\/carrinho\\\/\"]}]},{\"@type\":\"BreadcrumbList\",\"@id\":\"https:\\\/\\\/papelfesta.com.br\\\/public\\\/carrinho\\\/#breadcrumb\",\"itemListElement\":[{\"@type\":\"ListItem\",\"position\":1,\"name\":\"In\u00edcio\",\"item\":\"https:\\\/\\\/papelfesta.com.br\\\/public\\\/\"},{\"@type\":\"ListItem\",\"position\":2,\"name\":\"Carrinho\"}]},{\"@type\":\"WebSite\",\"@id\":\"https:\\\/\\\/papelfesta.com.br\\\/public\\\/#website\",\"url\":\"https:\\\/\\\/papelfesta.com.br\\\/public\\\/\",\"name\":\"Papel Festa\",\"description\":\"Papelaria afetiva e personalizada para os pequenos grandes momentos.\",\"publisher\":{\"@id\":\"https:\\\/\\\/papelfesta.com.br\\\/public\\\/#organization\"},\"potentialAction\":[{\"@type\":\"SearchAction\",\"target\":{\"@type\":\"EntryPoint\",\"urlTemplate\":\"https:\\\/\\\/papelfesta.com.br\\\/public\\\/?s={search_term_string}\"},\"query-input\":{\"@type\":\"PropertyValueSpecification\",\"valueRequired\":true,\"valueName\":\"search_term_string\"}}],\"inLanguage\":\"pt-BR\"},{\"@type\":\"Organization\",\"@id\":\"https:\\\/\\\/papelfesta.com.br\\\/public\\\/#organization\",\"name\":\"Papel Festa\",\"url\":\"https:\\\/\\\/papelfesta.com.br\\\/public\\\/\",\"logo\":{\"@type\":\"ImageObject\",\"inLanguage\":\"pt-BR\",\"@id\":\"https:\\\/\\\/papelfesta.com.br\\\/public\\\/#\\\/schema\\\/logo\\\/image\\\/\",\"url\":\"https:\\\/\\\/papelfesta.com.br\\\/public\\\/wp-content\\\/uploads\\\/2025\\\/06\\\/cropped-Pagina-1.png\",\"contentUrl\":\"https:\\\/\\\/papelfesta.com.br\\\/public\\\/wp-content\\\/uploads\\\/2025\\\/06\\\/cropped-Pagina-1.png\",\"width\":1458,\"height\":1080,\"caption\":\"Papel Festa\"},\"image\":{\"@id\":\"https:\\\/\\\/papelfesta.com.br\\\/public\\\/#\\\/schema\\\/logo\\\/image\\\/\"},\"sameAs\":[\"https:\\\/\\\/instagram.com\\\/papel.festa\"]}]}<\/script>\n<!-- \/ Yoast SEO plugin. -->","yoast_head_json":{"title":"Carrinho - Papel Festa","description":"Revise os itens do seu carrinho e finalize sua compra na Papel Festa. Pagamento via Pix ou cart\u00e3o. Envio por Sedex para todo o Brasil.","robots":{"index":"index","follow":"follow","max-snippet":"max-snippet:-1","max-image-preview":"max-image-preview:large","max-video-preview":"max-video-preview:-1"},"canonical":"https:\/\/papelfesta.com.br\/public\/carrinho\/","og_locale":"pt_BR","og_type":"article","og_title":"Carrinho - Papel Festa","og_description":"Revise os itens do seu carrinho e finalize sua compra na Papel Festa. Pagamento via Pix ou cart\u00e3o. Envio por Sedex para todo o Brasil.","og_url":"https:\/\/papelfesta.com.br\/public\/carrinho\/","og_site_name":"Papel Festa","article_modified_time":"2026-03-15T14:20:34+00:00","twitter_card":"summary_large_image","twitter_misc":{"Est. tempo de leitura":"1 minuto"},"schema":{"@context":"https:\/\/schema.org","@graph":[{"@type":"WebPage","@id":"https:\/\/papelfesta.com.br\/public\/carrinho\/","url":"https:\/\/papelfesta.com.br\/public\/carrinho\/","name":"Carrinho - Papel Festa","isPartOf":{"@id":"https:\/\/papelfesta.com.br\/public\/#website"},"datePublished":"2025-03-12T01:57:39+00:00","dateModified":"2026-03-15T14:20:34+00:00","description":"Revise os itens do seu carrinho e finalize sua compra na Papel Festa. Pagamento via Pix ou cart\u00e3o. Envio por Sedex para todo o Brasil.","breadcrumb":{"@id":"https:\/\/papelfesta.com.br\/public\/carrinho\/#breadcrumb"},"inLanguage":"pt-BR","potentialAction":[{"@type":"ReadAction","target":["https:\/\/papelfesta.com.br\/public\/carrinho\/"]}]},{"@type":"BreadcrumbList","@id":"https:\/\/papelfesta.com.br\/public\/carrinho\/#breadcrumb","itemListElement":[{"@type":"ListItem","position":1,"name":"In\u00edcio","item":"https:\/\/papelfesta.com.br\/public\/"},{"@type":"ListItem","position":2,"name":"Carrinho"}]},{"@type":"WebSite","@id":"https:\/\/papelfesta.com.br\/public\/#website","url":"https:\/\/papelfesta.com.br\/public\/","name":"Papel Festa","description":"Papelaria afetiva e personalizada para os pequenos grandes momentos.","publisher":{"@id":"https:\/\/papelfesta.com.br\/public\/#organization"},"potentialAction":[{"@type":"SearchAction","target":{"@type":"EntryPoint","urlTemplate":"https:\/\/papelfesta.com.br\/public\/?s={search_term_string}"},"query-input":{"@type":"PropertyValueSpecification","valueRequired":true,"valueName":"search_term_string"}}],"inLanguage":"pt-BR"},{"@type":"Organization","@id":"https:\/\/papelfesta.com.br\/public\/#organization","name":"Papel Festa","url":"https:\/\/papelfesta.com.br\/public\/","logo":{"@type":"ImageObject","inLanguage":"pt-BR","@id":"https:\/\/papelfesta.com.br\/public\/#\/schema\/logo\/image\/","url":"https:\/\/papelfesta.com.br\/public\/wp-content\/uploads\/2025\/06\/cropped-Pagina-1.png","contentUrl":"https:\/\/papelfesta.com.br\/public\/wp-content\/uploads\/2025\/06\/cropped-Pagina-1.png","width":1458,"height":1080,"caption":"Papel Festa"},"image":{"@id":"https:\/\/papelfesta.com.br\/public\/#\/schema\/logo\/image\/"},"sameAs":["https:\/\/instagram.com\/papel.festa"]}]}},"_links":{"self":[{"href":"https:\/\/papelfesta.com.br\/public\/wp-json\/wp\/v2\/pages\/9","targetHints":{"allow":["GET"]}}],"collection":[{"href":"https:\/\/papelfesta.com.br\/public\/wp-json\/wp\/v2\/pages"}],"about":[{"href":"https:\/\/papelfesta.com.br\/public\/wp-json\/wp\/v2\/types\/page"}],"author":[{"embeddable":true,"href":"https:\/\/papelfesta.com.br\/public\/wp-json\/wp\/v2\/users\/1"}],"replies":[{"embeddable":true,"href":"https:\/\/papelfesta.com.br\/public\/wp-json\/wp\/v2\/comments?post=9"}],"version-history":[{"count":3,"href":"https:\/\/papelfesta.com.br\/public\/wp-json\/wp\/v2\/pages\/9\/revisions"}],"predecessor-version":[{"id":383,"href":"https:\/\/papelfesta.com.br\/public\/wp-json\/wp\/v2\/pages\/9\/revisions\/383"}],"wp:attachment":[{"href":"https:\/\/papelfesta.com.br\/public\/wp-json\/wp\/v2\/media?parent=9"}],"curies":[{"name":"wp","href":"https:\/\/api.w.org\/{rel}","templated":true}]}}